{"id":1143,"date":"2016-11-28T10:00:16","date_gmt":"2016-11-28T10:00:16","guid":{"rendered":"http:\/\/connect.mikado-themes.com\/?page_id=1143"},"modified":"2023-05-16T12:33:31","modified_gmt":"2023-05-16T12:33:31","slug":"what-we-offer","status":"publish","type":"page","link":"https:\/\/mouchatech.com\/?page_id=1143","title":{"rendered":"What We Offer"},"content":{"rendered":"<p>[vc_row row_type=\u00a0\u00bbparallax\u00a0\u00bb content_width=\u00a0\u00bbgrid\u00a0\u00bb full_screen_section_height=\u00a0\u00bbno\u00a0\u00bb parallax_background_image=\u00a0\u00bb1147&Prime; css=\u00a0\u00bb.vc_custom_1480415469419{padding-top: 97px !important;padding-bottom: 103px !important;}\u00a0\u00bb][vc_column css=\u00a0\u00bb.vc_custom_1480083556807{padding-right: 0px !important;padding-left: 0px !important;}\u00a0\u00bb]<div class=\"mkd-section-title-holder\">\n\t<h1 class=\"mkd-section-title mkd-section-title-large mkd-section-title-center\" style=\"text-align: center\">\n\t<span>\n\t\tWhat We Offer\t<\/span>\n<\/h1>\n<\/div><div class=\"mkd-elements-holder mkd-responsive-mode-768\" ><div class=\"mkd-elements-holder-item mkd-width-1-1 mkd-vertical-alignment-middle mkd-horizontal-alignment-left\" data-item-class=\"mkd-elements-holder-custom-775458\" data-1280-1440=\"0px 16%\" data-1024-1280=\"0px 16%\" data-768-1024=\"0px\" data-600-768=\"0px\" data-480-600=\"0px\" data-480=\"0px\" >\n\t<div class=\"mkd-elements-holder-item-inner\">\n\t\t<div\n\t\t\tclass=\"mkd-elements-holder-item-content mkd-elements-holder-custom-775458\" style=\"padding: 0 20%\">\n\t\t\t<div class=\"mkd-elements-holder-item-content-inner\">\n\t\t\t\t<div class=\"mkd-section-subtitle-holder mkd-section-subtitle-center\" >\n\t<p style=\"text-align: center\" class=\"mkd-section-subtitle\">Nous sommes fiers d'offrir un service complet de bout en bout,<br \/>\nsp\u00e9cialis\u00e9 dans la conception Web, le d\u00e9veloppement, le marketing<br \/>\nnum\u00e9rique, le marketing des m\u00e9dias sociaux, le d\u00e9veloppement<br \/>\nd'applications pour t\u00e9l\u00e9phones mobiles, le cloud computing et le<br \/>\nsupport informatique.<\/p>\n<\/div>\t\t\t<\/div>\n\t\t<\/div>\n\t<\/div>\n<\/div><\/div>[vc_empty_space height=\u00a0\u00bb54px\u00a0\u00bb]<div class=\"mkd-masonry-elements-holder three space\">\n\t<div class=\"mkd-masonry-elements-grid-sizer\"><\/div>\n\t<div class=\"mkd-masonry-elements-item mkd-square border\">\n\t<div class=\"mkd-masonry-elements-item-inner mkd-masonry-elements-item-custom-730441\" style=\"padding: 0px 30px 45px 45px;border-width: 1px;border-color: #d9e6ea\" data-item-class=\"mkd-masonry-elements-item-custom-730441\" data-600-768=\"7px 30px 30px 30px\">\n\t\t<span class=\"mkd-masonry-elements-item-background\" style=\"background-image: url(https:\/\/mouchatech.com\/wp-content\/uploads\/2016\/11\/h1-img-6.jpg);background-color: #fbfbfb\"><\/span>\n\t\t<div class=\"mkd-masonry-elements-item-inner-helper\">\n\t\t\t<div class=\"mkd-masonry-elements-item-inner-tb\">\n\t\t\t\t<div class=\"mkd-masonry-elements-item-inner-tc\" style=\"vertical-align: bottom\">\n\t\t\t\t\t[vc_column_text]<\/p>\n<h2><strong>Services WEB<\/strong><\/h2>\n<div class=\"page\" title=\"Page 3\">\n<div class=\"section\">\n<div class=\"layoutArea\">\n<div class=\"column\">\n<p>&nbsp;<\/p>\n<\/div>\n<\/div>\n<\/div>\n<\/div>\n<p>[\/vc_column_text][vc_empty_space height=\u00a0\u00bb7px\u00a0\u00bb][vc_column_text]<\/p>\n<div class=\"page\" title=\"Page 3\">\n<div class=\"section\">\n<div class=\"layoutArea\">\n<div class=\"column\">\n<div class=\"page\" title=\"Page 3\">\n<div class=\"section\">\n<div class=\"layoutArea\">\n<div class=\"column\">\n<h3>De\u0301veloppement web<\/h3>\n<p>est une agence de de\u0301veloppement Web avec l&rsquo;expertise interne pour re\u0301pondre a\u0300 un large e\u0301ven- tail d&rsquo;exigences, du CMS standard, pour les sites simples, au de\u0301veloppement personnalise\u0301 de portails Web complexes et d&rsquo;applications de base de donne\u0301es.<\/p>\n<\/div>\n<\/div>\n<\/div>\n<\/div>\n<h3>WordPress<\/h3>\n<p>WordPress est l&rsquo;un des CMS les plus populaires, il est extre\u0302mement facile a\u0300 utiliser et dispose d&rsquo;une large gamme de plugins. Ce CMS open source est gratuit a\u0300 installer, mettre a\u0300 niveau et facilement modifie\u0301 pour la conception et la fonctionnalite\u0301. commerce e\u0301lectronique<\/p>\n<h3>Application mobile<\/h3>\n<p>Nous aiderons votre entreprise a\u0300 conserver un avantage concurrentiel en ligne gra\u0302ce au de\u0301velop- pement d&rsquo;une application mobile. Avec l&rsquo;augmen- tation du trafic sur les smartphones, nous pouvons vous aider a\u0300 adopter cette plateforme dans la repre\u0301sentation de votre marque.<\/p>\n<h3>Drupal<\/h3>\n<p>En tant que socie\u0301te\u0301 de de\u0301veloppement Drupal, MOUCHA a travaille\u0301 et cre\u0301e\u0301 une varie\u0301te\u0301 de sites Web puissants a\u0300 l&rsquo;aide de cette plate-forme inno- vante. En tant qu&rsquo;agence, notre e\u0301quipe peut con- tinuer a\u0300 assurer la maintenance, le support et l&rsquo;he\u0301bergement de Drupal pour assurer la se\u0301curite\u0301 et la mise a\u0300 jour de votre site.<\/p>\n<\/div>\n<div class=\"column\">\n<h3>E-commerce<\/h3>\n<p>Nous proposons un service complet de site Web de commerce e\u0301lectronique de bout en bout, conc\u0327u pour convertir les visites en ventes. Nos sites Web re\u0301pondent aux exigences e\u0301leve\u0301es des acheteurs en ligne et repre\u0301sentent positivement votre marque et l&rsquo;identite\u0301 de votre entreprise.<\/p>\n<h3>Laravel<\/h3>\n<p>Nos de\u0301veloppeurs Laravel cre\u0301ent des produits Laravel experts et offrent des connaissances et des connaissances spe\u0301cialise\u0301es a\u0300 nos clients. Pour les organisations qui de\u0301couvrent Laravel, nous pou- vons proposer du de\u0301veloppement, du conseil et une formation Laravel approfondie pour vous familiariser avec votre application Web.<\/p>\n<h3>Joomla<\/h3>\n<p>Nous sommes l&rsquo;un des principaux spe\u0301cialistes Joomla du Royaume-Uni. Blue Frontier dispose d&rsquo;une e\u0301quipe interne expe\u0301rimente\u0301e offrant des services de de\u0301veloppement, de conception, de support et de formation pour ce syste\u0300me de gestion de contenu prime\u0301.<\/p>\n<h3>Software<\/h3>\n<p>nous avons une e\u0301quipe de\u0301die\u0301e au de\u0301veloppement d&rsquo;applications logicielles. Spe\u0301cialise\u0301s dans les langages de programmation C, Ruby, SQL et Python et utilisant les frameworks .NET et Rails, nous avons la capacite\u0301 de transformer vos ide\u0301es en un produit commercial.<\/p>\n<\/div>\n<\/div>\n<\/div>\n<\/div>\n<p>[\/vc_column_text][vc_empty_space height=\u00a0\u00bb25px\u00a0\u00bb]\t\t\t\t<\/div>\n\t\t\t<\/div>\n\t\t<\/div>\n\t<\/div>\n<\/div><div class=\"mkd-masonry-elements-item mkd-large-width\">\n\t<div class=\"mkd-masonry-elements-item-inner mkd-masonry-elements-item-custom-615708\" style=\"padding: 0px 13% 38px 45px\" data-item-class=\"mkd-masonry-elements-item-custom-615708\" data-600-768=\"0px 10% 30px 30px\">\n\t\t<span class=\"mkd-masonry-elements-item-background\" style=\"background-image: url(https:\/\/mouchatech.com\/wp-content\/uploads\/2016\/11\/h4-img-1.jpg)\"><\/span>\n\t\t<div class=\"mkd-masonry-elements-item-inner-helper\">\n\t\t\t<div class=\"mkd-masonry-elements-item-inner-tb\">\n\t\t\t\t<div class=\"mkd-masonry-elements-item-inner-tc\" style=\"vertical-align: bottom\">\n\t\t\t\t\t[vc_column_text]<\/p>\n<h3><\/h3>\n<h2><strong><span style=\"color: #ffffff;\">Graphiques<\/span><\/strong><\/h2>\n<p>[\/vc_column_text][vc_empty_space height=\u00a0\u00bb7px\u00a0\u00bb][vc_column_text css_animation=\u00a0\u00bblightSpeedIn\u00a0\u00bb]<\/p>\n<div class=\"page\" title=\"Page 4\">\n<div class=\"section\">\n<div class=\"section\">\n<div class=\"layoutArea\">\n<div class=\"column\">\n<p>Nous sommes une e\u0301quipe de design- ers expe\u0301rimente\u0301s qui se concentrent sur l&rsquo;apparence, les performances et le fonctionnement d&rsquo;un projet pour impliquer les utilisateurs.<\/p>\n<p>Nous planifions et re\u0301alisons des pro- jets de conception exceptionnels, allant de la photographie et de la vide\u0301o sur mesure aux graphismes attrayants et aux sites Web hautes performances. Gra\u0302ce a\u0300 une e\u0301troite collaboration, nos spe\u0301cialistes peu- vent travailler ensemble pour fournir un ensemble complet de services de conception, ce qui nous permet d&rsquo;as- surer une image de marque et une qualite\u0301 constantes et signifie que nous pouvons vous aider avec tous vos besoins de conception sous un me\u0302me toit.<\/p>\n<div class=\"page\" title=\"Page 4\">\n<div class=\"section\">\n<div class=\"layoutArea\">\n<div class=\"column\">\n<p><strong>Conception de site web<\/strong><\/p>\n<\/div>\n<\/div>\n<\/div>\n<\/div>\n<div class=\"page\" title=\"Page 4\">\n<div class=\"section\">\n<div class=\"layoutArea\">\n<div class=\"column\">\n<p>Vous recevrez un site Web attrayant, facile a\u0300 naviguer et axe\u0301 sur votre public cible. Nous aiderons a\u0300 transformer les visiteurs en clients gra\u0302ce a\u0300 une concep- tion solide, une expe\u0301rience de parcours utilisateur soigneusement planifie\u0301e et des appels a\u0300 l&rsquo;action clairs.<\/p>\n<p><strong>Conception Web UX\/UI<\/strong><\/p>\n<p>Placez l&rsquo;utilisateur au c\u0153ur de votre conception Web, en offrant une expe\u0301ri- ence utilisateur qui ame\u0301liorera la satisfaction et l&rsquo;interaction avec votre site Web. Nous produisons des conceptions dont la convivialite\u0301 et l&rsquo;accessibilite\u0301 sont teste\u0301es.<\/p>\n<p><strong>Conception graphique<\/strong><\/p>\n<p>Nos concepteurs travailleront avec vous pour produire des conceptions de haute qualite\u0301 base\u0301es sur vos exigences uniques. Vous donnant la possibilite\u0301 de parler a\u0300 votre public cible gra\u0302ce a\u0300 des conceptions visuelles stimulantes.<\/p>\n<p><strong>Vide\u0301o &amp; Photographie<\/strong><\/p>\n<p>Nous cre\u0301ons des vide\u0301os convaincantes qui engagent votre public et stimulent la croissance de votre entreprise. Tirez le meilleur parti de votre contenu en exploitant la puissance de la vide\u0301o pour cre\u0301er des messages plus cible\u0301s et percutants.<\/p>\n<\/div>\n<\/div>\n<\/div>\n<\/div>\n<\/div>\n<\/div>\n<\/div>\n<div class=\"section\">\n<div class=\"layoutArea\">\n<div class=\"column\">\n<p>&nbsp;<\/p>\n<\/div>\n<\/div>\n<\/div>\n<\/div>\n<\/div>\n<p>[\/vc_column_text][vc_empty_space height=\u00a0\u00bb25px\u00a0\u00bb]\t\t\t\t<\/div>\n\t\t\t<\/div>\n\t\t<\/div>\n\t<\/div>\n<\/div><div class=\"mkd-masonry-elements-item mkd-square\">\n\t<div class=\"mkd-masonry-elements-item-inner mkd-masonry-elements-item-custom-887334\" style=\"padding: 0px 30px 45px 45px\" data-item-class=\"mkd-masonry-elements-item-custom-887334\" data-600-768=\"0px 30px 30px\">\n\t\t<span class=\"mkd-masonry-elements-item-background\" style=\"background-image: url(https:\/\/mouchatech.com\/wp-content\/uploads\/2016\/11\/h4-img-2.jpg)\"><\/span>\n\t\t<div class=\"mkd-masonry-elements-item-inner-helper\">\n\t\t\t<div class=\"mkd-masonry-elements-item-inner-tb\">\n\t\t\t\t<div class=\"mkd-masonry-elements-item-inner-tc\" style=\"vertical-align: bottom\">\n\t\t\t\t\t[vc_column_text]<\/p>\n<h2><strong><span style=\"color: #ffffff;\">Digital<\/span><\/strong><\/h2>\n<p>[\/vc_column_text][vc_empty_space height=\u00a0\u00bb7px\u00a0\u00bb][vc_column_text]<\/p>\n<div class=\"page\" title=\"Page 5\">\n<div class=\"section\">\n<div class=\"layoutArea\">\n<div class=\"column\">\n<p><span style=\"color: #ffffff;\"><strong>SEO<\/strong><\/span><br \/>\n<span style=\"color: #ffffff;\">nous avons une e\u0301quipe de\u0301die\u0301e au de\u0301veloppement d&rsquo;applications logicielles. Spe\u0301cialise\u0301s dans les langages de programmation C, Ruby, SQL et Python et utilisant les frameworks .NET et Rails, nous avons la capacite\u0301 de transformer vos ide\u0301es en un produit commercial.<\/span><\/p>\n<p><span style=\"color: #ffffff;\"><strong>SMM<\/strong><\/span><\/p>\n<p><span style=\"color: #ffffff;\">consultants peuvent fournir une strate\u0301gie de me\u0301dias sociaux inte\u0301gre\u0301e pour votre entreprise, afin d&rsquo;augmenter votre visibilite\u0301 en ligne, d&rsquo;accroi\u0302tre la notorie\u0301te\u0301 de votre marque, d&rsquo;encourager l&rsquo;engagement, de ge\u0301ne\u0301rer du trafic sur le site Web, ainsi que d&rsquo;augmenter les prospects et les ventes.<\/span><\/p>\n<p>&nbsp;<\/p>\n<\/div>\n<\/div>\n<\/div>\n<\/div>\n<p>[\/vc_column_text][vc_empty_space height=\u00a0\u00bb25px\u00a0\u00bb]\t\t\t\t<\/div>\n\t\t\t<\/div>\n\t\t<\/div>\n\t<\/div>\n<\/div><div class=\"mkd-masonry-elements-item mkd-square\">\n\t<div class=\"mkd-masonry-elements-item-inner mkd-masonry-elements-item-custom-693781\" style=\"padding: 0px 30px 45px 45px\" data-item-class=\"mkd-masonry-elements-item-custom-693781\" data-600-768=\"0px 30px 30px\">\n\t\t<span class=\"mkd-masonry-elements-item-background\" style=\"background-image: url(https:\/\/mouchatech.com\/wp-content\/uploads\/2016\/11\/h4-img-3.jpg)\"><\/span>\n\t\t<div class=\"mkd-masonry-elements-item-inner-helper\">\n\t\t\t<div class=\"mkd-masonry-elements-item-inner-tb\">\n\t\t\t\t<div class=\"mkd-masonry-elements-item-inner-tc\" style=\"vertical-align: bottom\">\n\t\t\t\t\t[vc_column_text]<\/p>\n<h2><strong><span style=\"color: #ffffff;\">Analyse conccurentielle<\/span><\/strong><\/h2>\n<p>[\/vc_column_text][vc_empty_space height=\u00a0\u00bb7px\u00a0\u00bb][vc_column_text]<span style=\"color: #ffffff;\">De concevoir votre strate\u0301gie de marketing nume\u0301rique, nos consultants effectueront une analyse comple\u0300te de vos concurrents en ligne, identifiant leurs points forts, la manie\u0300re dont ils commercialisent leur entreprise et les publics qu\u2019ils ciblent.<\/span>[\/vc_column_text][vc_empty_space height=\u00a0\u00bb25px\u00a0\u00bb]\t\t\t\t<\/div>\n\t\t\t<\/div>\n\t\t<\/div>\n\t<\/div>\n<\/div><div class=\"mkd-masonry-elements-item mkd-square\">\n\t<div class=\"mkd-masonry-elements-item-inner mkd-masonry-elements-item-custom-547168\" style=\"padding: 0px 30px 45px 45px\" data-item-class=\"mkd-masonry-elements-item-custom-547168\" data-600-768=\"0px 30px 30px\">\n\t\t<span class=\"mkd-masonry-elements-item-background\" style=\"background-image: url(https:\/\/mouchatech.com\/wp-content\/uploads\/2016\/11\/h4-img-4.jpg)\"><\/span>\n\t\t<div class=\"mkd-masonry-elements-item-inner-helper\">\n\t\t\t<div class=\"mkd-masonry-elements-item-inner-tb\">\n\t\t\t\t<div class=\"mkd-masonry-elements-item-inner-tc\" style=\"vertical-align: bottom\">\n\t\t\t\t\t[vc_column_text]<\/p>\n<h2><span style=\"color: #ffffff;\"><strong>Cre\u0301ation de contenu<\/strong><\/span><\/h2>\n<p>[\/vc_column_text][vc_empty_space height=\u00a0\u00bb7px\u00a0\u00bb][vc_column_text]<span style=\"color: #ffffff;\">Nous cre\u0301ons et commercialisons un contenu de qualite\u0301, informatif et bien structure\u0301 qui engage les visiteurs du site Web, fait preuve d\u2019autorite\u0301 dans votre secteur et contribue a\u0300 ge\u0301ne\u0301rer un retour sur investissement plus e\u0301leve\u0301.<\/span>[\/vc_column_text][vc_empty_space height=\u00a0\u00bb25px\u00a0\u00bb]\t\t\t\t<\/div>\n\t\t\t<\/div>\n\t\t<\/div>\n\t<\/div>\n<\/div><\/div>[\/vc_column][\/vc_row][vc_row content_width=\u00a0\u00bbgrid\u00a0\u00bb css=\u00a0\u00bb.vc_custom_1480336892330{padding-top: 90px !important;padding-bottom: 50px !important;}\u00a0\u00bb][vc_column css=\u00a0\u00bb.vc_custom_1480077381391{padding-right: 5% !important;}\u00a0\u00bb offset=\u00a0\u00bbvc_col-lg-6&Prime;][vc_column_text]<\/p>\n<h2>Proven methodology<\/h2>\n<p>[\/vc_column_text][vc_empty_space height=\u00a0\u00bb10px\u00a0\u00bb][vc_column_text]Lorem ipsum proin gravida nibh vel velit auctor aliquet. Aenean sollicitudin, lorem quis bibendum auctor, nisi elit consequat ipsum, nec sagittis sem nibh id elit. Duis sed odio sit amet nibh vulputate cursus a sit amet mauris. Morbi accumsan ipsum velit. Nam nec tellus a odio tincidunt auctor a ornare odio. Sed non \u00a0mauris vitae erat consequat auctor eu in elit. Class aptent taciti sociosqu ad litora torquent per conubia nostra per.[\/vc_column_text][vc_empty_space height=\u00a0\u00bb60px\u00a0\u00bb][\/vc_column][vc_column offset=\u00a0\u00bbvc_col-lg-6&Prime;]<div class=\"mkd-elements-holder mkd-responsive-mode-768\" ><div class=\"mkd-elements-holder-item mkd-width-1-1 mkd-vertical-alignment-middle mkd-horizontal-alignment-left\" data-item-class=\"mkd-elements-holder-custom-567094\" data-1024-1280=\"23px 0 0\" >\n\t<div class=\"mkd-elements-holder-item-inner\">\n\t\t<div\n\t\t\tclass=\"mkd-elements-holder-item-content mkd-elements-holder-custom-567094\" style=\"padding: 0;margin: 0\">\n\t\t\t<div class=\"mkd-elements-holder-item-content-inner\">\n\t\t\t\t<div class=\"mkd-progress-bar\">\n    <h6 class=\"mkd-progress-title-holder clearfix\">\n        <span class=\"mkd-progress-title\" >Web Design<\/span>\n\t\t<span class=\"mkd-progress-number-wrapper\">\n\t\t\t<span class=\"mkd-progress-number\">\n\t\t\t\t<span class=\"mkd-percent\" >0<\/span>\n\t\t\t<\/span>\n\t\t<\/span>\n    <\/h6>\n\n    <div  class=\"mkd-progress-content-outer mkd-border\" >\n        <div data-percentage=60  class=\"mkd-progress-content \" ><\/div>\n    <\/div>\n<\/div>\t<div class=\"mkd-progress-bar\">\n    <h6 class=\"mkd-progress-title-holder clearfix\">\n        <span class=\"mkd-progress-title\" >Marketing<\/span>\n\t\t<span class=\"mkd-progress-number-wrapper\">\n\t\t\t<span class=\"mkd-progress-number\">\n\t\t\t\t<span class=\"mkd-percent\" >0<\/span>\n\t\t\t<\/span>\n\t\t<\/span>\n    <\/h6>\n\n    <div  class=\"mkd-progress-content-outer mkd-border\" >\n        <div data-percentage=85  class=\"mkd-progress-content \" ><\/div>\n    <\/div>\n<\/div>\t<div class=\"mkd-progress-bar\">\n    <h6 class=\"mkd-progress-title-holder clearfix\">\n        <span class=\"mkd-progress-title\" >Development<\/span>\n\t\t<span class=\"mkd-progress-number-wrapper\">\n\t\t\t<span class=\"mkd-progress-number\">\n\t\t\t\t<span class=\"mkd-percent\" >0<\/span>\n\t\t\t<\/span>\n\t\t<\/span>\n    <\/h6>\n\n    <div  class=\"mkd-progress-content-outer mkd-border\" >\n        <div data-percentage=72  class=\"mkd-progress-content \" ><\/div>\n    <\/div>\n<\/div>\t<div class=\"mkd-progress-bar\">\n    <h6 class=\"mkd-progress-title-holder clearfix\">\n        <span class=\"mkd-progress-title\" >UI &amp; UX<\/span>\n\t\t<span class=\"mkd-progress-number-wrapper\">\n\t\t\t<span class=\"mkd-progress-number\">\n\t\t\t\t<span class=\"mkd-percent\" >0<\/span>\n\t\t\t<\/span>\n\t\t<\/span>\n    <\/h6>\n\n    <div  class=\"mkd-progress-content-outer mkd-border\" >\n        <div data-percentage=43  class=\"mkd-progress-content \" ><\/div>\n    <\/div>\n<\/div>\t\t\t\t<\/div>\n\t\t<\/div>\n\t<\/div>\n<\/div><\/div>[vc_empty_space height=\u00a0\u00bb60px\u00a0\u00bb][\/vc_column][\/vc_row]<\/p>\n","protected":false},"excerpt":{"rendered":"<p>[vc_row row_type=\u00a0\u00bbparallax\u00a0\u00bb content_width=\u00a0\u00bbgrid\u00a0\u00bb full_screen_section_height=\u00a0\u00bbno\u00a0\u00bb parallax_background_image=\u00a0\u00bb1147&Prime; css=\u00a0\u00bb.vc_custom_1480415469419{padding-top: 97px !important;padding-bottom: 103px !important;}\u00a0\u00bb][vc_column css=\u00a0\u00bb.vc_custom_1480083556807{padding-right: 0px !important;padding-left: 0px !important;}\u00a0\u00bb][vc_empty_space height=\u00a0\u00bb54px\u00a0\u00bb][\/vc_column][\/vc_row][vc_row content_width=\u00a0\u00bbgrid\u00a0\u00bb css=\u00a0\u00bb.vc_custom_1480336892330{padding-top: 90px !important;padding-bottom: 50px !important;}\u00a0\u00bb][vc_column css=\u00a0\u00bb.vc_custom_1480077381391{padding-right: 5% !important;}\u00a0\u00bb offset=\u00a0\u00bbvc_col-lg-6&Prime;][vc_column_text] Proven methodology [\/vc_column_text][vc_empty_space height=\u00a0\u00bb10px\u00a0\u00bb][vc_column_text]Lorem ipsum proin gravida nibh vel velit auctor aliquet. Aenean sollicitudin, lorem quis bibendum auctor, nisi&#8230;<\/p>\n","protected":false},"author":1,"featured_media":0,"parent":0,"menu_order":0,"comment_status":"closed","ping_status":"closed","template":"full-width.php","meta":{"footnotes":""},"class_list":["post-1143","page","type-page","status-publish","hentry"],"_links":{"self":[{"href":"https:\/\/mouchatech.com\/index.php?rest_route=\/wp\/v2\/pages\/1143","targetHints":{"allow":["GET"]}}],"collection":[{"href":"https:\/\/mouchatech.com\/index.php?rest_route=\/wp\/v2\/pages"}],"about":[{"href":"https:\/\/mouchatech.com\/index.php?rest_route=\/wp\/v2\/types\/page"}],"author":[{"embeddable":true,"href":"https:\/\/mouchatech.com\/index.php?rest_route=\/wp\/v2\/users\/1"}],"replies":[{"embeddable":true,"href":"https:\/\/mouchatech.com\/index.php?rest_route=%2Fwp%2Fv2%2Fcomments&post=1143"}],"version-history":[{"count":33,"href":"https:\/\/mouchatech.com\/index.php?rest_route=\/wp\/v2\/pages\/1143\/revisions"}],"predecessor-version":[{"id":5557,"href":"https:\/\/mouchatech.com\/index.php?rest_route=\/wp\/v2\/pages\/1143\/revisions\/5557"}],"wp:attachment":[{"href":"https:\/\/mouchatech.com\/index.php?rest_route=%2Fwp%2Fv2%2Fmedia&parent=1143"}],"curies":[{"name":"wp","href":"https:\/\/api.w.org\/{rel}","templated":true}]}}